{"id":1868,"date":"2021-09-07T22:32:04","date_gmt":"2021-09-07T20:32:04","guid":{"rendered":"https:\/\/nottodayrow.com\/ueber-uns\/"},"modified":"2022-10-26T13:12:39","modified_gmt":"2022-10-26T11:12:39","slug":"ueber-uns","status":"publish","type":"page","link":"https:\/\/nottodayrow.com\/de\/ueber-uns\/","title":{"rendered":"\u00dcber uns"},"content":{"rendered":"\n<div class=\"wp-block-themeisle-blocks-advanced-columns has-1-columns has-desktop-equal-layout has-tablet-equal-layout has-mobile-equal-layout has-default-gap has-vertical-unset ntr-title-bg\" id=\"wp-block-themeisle-blocks-advanced-columns-91ffd637\"><div class=\"wp-block-themeisle-blocks-advanced-columns-overlay\"><\/div><div class=\"innerblocks-wrap\">\n<div class=\"wp-block-themeisle-blocks-advanced-column\" id=\"wp-block-themeisle-blocks-advanced-column-20a28766\"><h1 class=\"wp-block-heading\" id=\"about-team-not-today\">\u00dcber TEAM Not Today<\/h1><\/div>\n<\/div><\/div>\n\n<div class=\"wp-block-themeisle-blocks-advanced-columns has-1-columns has-desktop-equal-layout has-tablet-equal-layout has-mobile-equal-layout has-default-gap has-vertical-unset\" id=\"wp-block-themeisle-blocks-advanced-columns-066dcf29\"><div class=\"wp-block-themeisle-blocks-advanced-columns-overlay\"><\/div><div class=\"innerblocks-wrap\">\n<div class=\"wp-block-themeisle-blocks-advanced-column\" id=\"wp-block-themeisle-blocks-advanced-column-7ab94746\">\n<p>Wir sind das Team NOT TODAY! Wir nehmen in der Paarklasse an der Talisker Whisky Atlantic Challenge 2023 teil und wollen 4800 Kilometer \u00fcber den Atlantik rudern. Das Team &#8222;Not Today Row&#8220; besteht aus Janik Prottung und Danny Schleicher.<\/p>\n\n\n\n<p>2012 haben wir am selben Gymnasium in Heidelberg, Deutschland, unseren Abschluss gemacht. Janik studierte sp\u00e4ter Physik, Danny wurde Elektroniker. 2019 trafen sich Danny und Janik wieder auf Bali. Sie sprachen \u00fcber Tr\u00e4ume und Pl\u00e4ne f\u00fcr die Zukunft. \u00dcberraschenderweise war Janik die erste Person, die nicht zusammenzuckte, als Danny ihm von seiner Idee erz\u00e4hlte, den Atlantik zu rudern. An diesem Tag wurde eine verr\u00fcckte Idee geboren.<\/p>\n\n\n\n<p>Als das Rennen 2020 begann, schickte Janik Danny eine Nachricht, in der er fragte, ob die Idee, gemeinsam einen Ozean zu rudern, noch lebendig sei. Im Januar 2021 wurde das Team NOT TODAY f\u00fcr die Talisker Whisky Atlantic Challenge 2023 angemeldet.<\/p>\n\n\n\n<p>Wir werden oft nach dem Namen unseres Teams gefragt. Warum &#8222;Not Today&#8220;? Die Antwort liegt in der Frage. Warum nicht heute? Heute ist der Tag, an dem du deine Tr\u00e4ume verfolgst.<\/p>\n<\/div>\n<\/div><\/div>\n\n<div class=\"wp-block-columns ticss-60ecb806 is-layout-flex wp-container-core-columns-is-layout-9d6595d7 wp-block-columns-is-layout-flex\">\n<div class=\"wp-block-column ticss-5b52fdce is-layout-flow wp-block-column-is-layout-flow\" style=\"flex-basis:100%\">\n<div class=\"wp-block-themeisle-blocks-advanced-columns has-2-columns has-desktop-equal-layout has-tablet-equal-layout has-mobile-collapsedRows-layout has-nogap-gap has-vertical-center ntr-section-img-text\" id=\"about-danny\"><div class=\"wp-block-themeisle-blocks-advanced-columns-overlay\"><\/div><div class=\"innerblocks-wrap\">\n<div class=\"wp-block-themeisle-blocks-advanced-column ntr-headline-bg\" id=\"wp-block-themeisle-blocks-advanced-column-37e8cc2c\"><h2 class=\"wp-block-heading\" id=\"danny\">Danny<\/h2><\/div>\n\n\n\n<div class=\"wp-block-themeisle-blocks-advanced-column\" id=\"wp-block-themeisle-blocks-advanced-column-a68a3a49\">\n<p class=\"has-nv-site-bg-color has-text-color\">Hallo, ich bin Danny! Geboren und aufgewachsen in Deutschland mit einer indonesischen Mutter und einem deutschen Vater. Ich habe in den letzten 4 Jahren in Indonesien gelebt.<\/p>\n\n\n\n<p class=\"has-nv-site-bg-color has-text-color\">Mein Leben \u00e4nderte sich, als ich 2015 Deutschland verlie\u00df, um die Welt zu erkunden. Ich hatte gerade meine Ausbildung abgeschlossen und Fl\u00fcge nach Bangkok gebucht. Was als f\u00fcnfmonatige Rucksacktour begann, wurde zu einem Jahr. Ich habe jedes Land in S\u00fcdostasien besucht und auf einer Farm in Westaustralien gearbeitet.<\/p>\n\n\n\n<p class=\"has-nv-site-bg-color has-text-color\">Im Jahr 2016 habe ich meinen Eltern geholfen, ihr Haus in Deutschland zu verkaufen. 2017 sind wir nach Indonesien gezogen mit dem Plan, ein Unternehmen f\u00fcr Energieeffizienzprojekte in Asien zu gr\u00fcnden.<\/p>\n\n\n\n<p class=\"has-nv-site-bg-color has-text-color\">Ich habe die letzten f\u00fcnf Jahre damit verbracht, herauszufinden, wozu mein Geist und mein K\u00f6rper f\u00e4hig sind. Nachdem ich am Tokio-Marathon 2019 teilgenommen hatte, erstellte ich ein neues Vision Board mit Orten, die ich sehen wollte, Zielen, die ich erreichen wollte und Abenteuern, die ich erleben wollte.<\/p>\n\n\n\n<p class=\"has-nv-site-bg-color has-text-color\">Was fr\u00fcher ein Traum war, war pl\u00f6tzlich ein echtes Ziel. Rudern auf dem Atlantik.<\/p>\n\n\n\n<p><\/p>\n\n\n\n<div class=\"wp-block-buttons is-layout-flex wp-block-buttons-is-layout-flex\">\n<div class=\"wp-block-button is-style-primary\"><a class=\"wp-block-button__link\" href=\"https:\/\/nottodayblog.com\/\" target=\"_blank\" rel=\"noreferrer noopener\">Not Today Blog<\/a><\/div>\n\n\n\n<div class=\"wp-block-button is-style-primary\"><a class=\"wp-block-button__link\" href=\"https:\/\/www.instagram.com\/dannydannydannydannydanny\/\" target=\"_blank\" rel=\"noreferrer noopener\">Instagram<\/a><\/div>\n<\/div>\n<\/div>\n<\/div><\/div>\n<\/div>\n<\/div>\n\n<div class=\"wp-block-themeisle-blocks-advanced-columns has-2-columns has-desktop-equal-layout has-tablet-equal-layout has-mobile-collapsedRows-layout has-nogap-gap has-vertical-center ntr-section-img-text ntr-section-img-text--inverse\" id=\"about-janik\"><div class=\"wp-block-themeisle-blocks-advanced-columns-overlay\"><\/div><div class=\"innerblocks-wrap\">\n<div class=\"wp-block-themeisle-blocks-advanced-column ntr-headline-bg\" id=\"wp-block-themeisle-blocks-advanced-column-547b2900\"><h2 class=\"wp-block-heading\" id=\"janik\">Janik<\/h2><\/div>\n\n\n\n<div class=\"wp-block-themeisle-blocks-advanced-column\" id=\"wp-block-themeisle-blocks-advanced-column-e9e9d4dc\">\n<p class=\"has-nv-site-bg-color has-text-color\">Da ich in Deutschland aufgewachsen bin und jetzt in M\u00fcnchen lebe, hat das Meer bisher keine gro\u00dfe Rolle in meinem Leben gespielt. Ein Urlaub hier, ein paar Tauchg\u00e4nge dort &#8211; nicht wirklich das, was man von einem Mann erwarten w\u00fcrde, der sich f\u00fcr ein solches Abenteuer anmeldet.<\/p>\n\n\n\n<p class=\"has-nv-site-bg-color has-text-color\">Warum habe ich mich also angemeldet? Nach mehr als 15 Jahren Mannschaftssport habe ich 2019 auf dem Weg in die Welt zu einem 10-monatigen Sabbatical beschlossen, dass meine Karriere vorbei ist. Trotzdem, ich bin 1994 geboren und mit 27 Jahren kommt mein Sportleben gerade erst richtig in Schwung.<\/p>\n\n\n\n<p class=\"has-nv-site-bg-color has-text-color\">W\u00e4hrend ich reiste und die Erde und die Kultur genoss, pflanzte Danny einen Samen in meinen Kopf, der gro\u00df genug war, um mich vom Sport f\u00fcr die \u00d6ffentlichkeit dazu zu bringen, unmenschliche Dinge mit meinem K\u00f6rper zu erreichen.<\/p>\n\n\n\n<p class=\"has-nv-site-bg-color has-text-color\">Als Mitbegr\u00fcnderin eines Unternehmens und Masterstudentin der Physik kann ich es kaum erwarten, ein anderes Ich zu erforschen, das sich geistigen und k\u00f6rperlichen Herausforderungen stellt, die weit \u00fcber das hinausgehen, was ich je getan habe, und das alles, w\u00e4hrend ich Geld sammle, um Kindern auf der ganzen Welt eine Ausbildung zu erm\u00f6glichen.<\/p>\n\n\n\n<p class=\"has-nv-site-bg-color has-text-color\">Was f\u00fcr eine unwirkliche M\u00f6glichkeit!<\/p>\n\n\n\n<p><\/p>\n\n\n\n<div class=\"wp-block-buttons is-layout-flex wp-block-buttons-is-layout-flex\">\n<div class=\"wp-block-button is-style-primary\"><a class=\"wp-block-button__link\" href=\"https:\/\/jprottung.com\/\" target=\"_blank\" rel=\"noreferrer noopener\">Homepage<\/a><\/div>\n\n\n\n<div class=\"wp-block-button is-style-primary\"><a class=\"wp-block-button__link\" href=\"https:\/\/www.instagram.com\/jprottung\/\" target=\"_blank\" rel=\"noreferrer noopener\">Instagram<\/a><\/div>\n<\/div>\n<\/div>\n<\/div><\/div>\n","protected":false},"excerpt":{"rendered":"","protected":false},"author":1,"featured_media":1719,"parent":0,"menu_order":0,"comment_status":"closed","ping_status":"closed","template":"page-templates\/template-pagebuilder-full-width.php","meta":{"neve_meta_sidebar":"full-width","neve_meta_container":"","neve_meta_enable_content_width":"on","neve_meta_content_width":100,"neve_meta_title_alignment":"","neve_meta_author_avatar":"","neve_post_elements_order":"","neve_meta_disable_header":"","neve_meta_disable_footer":"","neve_meta_disable_title":"","_themeisle_gutenberg_block_has_review":false,"footnotes":""},"class_list":["post-1868","page","type-page","status-publish","has-post-thumbnail","hentry"],"_links":{"self":[{"href":"https:\/\/nottodayrow.com\/de\/wp-json\/wp\/v2\/pages\/1868","targetHints":{"allow":["GET"]}}],"collection":[{"href":"https:\/\/nottodayrow.com\/de\/wp-json\/wp\/v2\/pages"}],"about":[{"href":"https:\/\/nottodayrow.com\/de\/wp-json\/wp\/v2\/types\/page"}],"author":[{"embeddable":true,"href":"https:\/\/nottodayrow.com\/de\/wp-json\/wp\/v2\/users\/1"}],"replies":[{"embeddable":true,"href":"https:\/\/nottodayrow.com\/de\/wp-json\/wp\/v2\/comments?post=1868"}],"version-history":[{"count":4,"href":"https:\/\/nottodayrow.com\/de\/wp-json\/wp\/v2\/pages\/1868\/revisions"}],"predecessor-version":[{"id":1977,"href":"https:\/\/nottodayrow.com\/de\/wp-json\/wp\/v2\/pages\/1868\/revisions\/1977"}],"wp:featuredmedia":[{"embeddable":true,"href":"https:\/\/nottodayrow.com\/de\/wp-json\/wp\/v2\/media\/1719"}],"wp:attachment":[{"href":"https:\/\/nottodayrow.com\/de\/wp-json\/wp\/v2\/media?parent=1868"}],"curies":[{"name":"wp","href":"https:\/\/api.w.org\/{rel}","templated":true}]}}