{"id":1862,"date":"2021-03-28T10:09:27","date_gmt":"2021-03-28T08:09:27","guid":{"rendered":"https:\/\/nottodayrow.com\/rechtliches\/"},"modified":"2023-08-14T01:13:08","modified_gmt":"2023-08-13T23:13:08","slug":"impressum","status":"publish","type":"page","link":"https:\/\/nottodayrow.com\/de\/impressum\/","title":{"rendered":"Rechtliches"},"content":{"rendered":"\n<div id=\"wp-block-themeisle-blocks-advanced-columns-4d717a75\" class=\"wp-block-themeisle-blocks-advanced-columns has-1-columns has-desktop-equal-layout has-tablet-equal-layout has-mobile-equal-layout has-vertical-unset\"><div class=\"wp-block-themeisle-blocks-advanced-columns-overlay\"><\/div><div class=\"innerblocks-wrap\">\n<div id=\"wp-block-themeisle-blocks-advanced-column-98bb6d2e\" class=\"wp-block-themeisle-blocks-advanced-column\">\n<p>Informationen nach \u00a7 5 TMG<\/p>\n\n\n\n<p>Not Today gUG (haftungsbeschr\u00e4nkt)<br\/>Germaniastra\u00dfe 15<br\/>80802 M\u00fcnchen<\/p>\n\n\n\n<p>i<strong>nfo@nottodayrow.com<\/strong> <br\/>+49 89 411 097 62<br\/>VAT-ID: DE294934722<\/p>\n\n\n\n<p>Amtsgericht M\u00fcnchen<br\/>HRB 277287<\/p>\n\n\n<h3 class=\"wp-block-heading\" id=\"vertreten-durch\">Vertreten durch<\/h3>\n\n\n<p>Janik Prottung<\/p>\n\n\n<h2 class=\"wp-block-heading\" id=\"bildlinks\">Bild-Links<\/h2>\n\n\n<p>  \u00a9 <a href=\"https:\/\/www.taliskerwhiskyatlanticchallenge.com\/atlantic-campaigns\/\" target=\"_blank\" rel=\"noopener\">Atlantic Campaigns <\/a> <br\/>  \u00a9 <a href=\"https:\/\/unsplash.com\/\" data-type=\"URL\" data-id=\"https:\/\/unsplash.com\/\" target=\"_blank\" rel=\"noopener\">Unsplash<\/a><\/p>\n\n\n<h2 class=\"wp-block-heading\" id=\"haftungsausschluss\">Haftungsausschluss<\/h2>\n\n<h3 class=\"wp-block-heading\" id=\"%25e2%2580%258dhaftung-fuer-inhalte\"><strong>\u200dHaftung<\/strong><strong> <\/strong>f\u00fcr Inhalte<\/h3>\n\n\n<p>Die Inhalte unserer Seiten wurden mit der gr\u00f6\u00dftm\u00f6glichen Sorgfalt erstellt. Wir k\u00f6nnen jedoch keine Garantie f\u00fcr die Richtigkeit, Vollst\u00e4ndigkeit und Aktualit\u00e4t der Inhalte \u00fcbernehmen. Gem\u00e4\u00df \u00a7 7 Abs.1 TMG sind wir als Diensteanbieter f\u00fcr unsere eigenen Inhalte auf diesen Seiten nach den allgemeinen Gesetzen verantwortlich. Nach \u00a7\u00a7 8 bis 10 TMG sind wir jedoch nicht verpflichtet, \u00fcbermittelte oder gespeicherte fremde Informationen zu \u00fcberwachen oder nach Umst\u00e4nden zu forschen, die auf eine rechtswidrige T\u00e4tigkeit hinweisen. Verpflichtungen zur Entfernung oder Sperrung der Nutzung von Informationen nach den allgemeinen Gesetzen bleiben hiervon unber\u00fchrt. Eine diesbez\u00fcgliche Haftung ist jedoch erst ab dem Zeitpunkt der Kenntnis einer konkreten Rechtsverletzung m\u00f6glich. Sobald uns derartige Verst\u00f6\u00dfe bekannt werden, werden wir diese Inhalte umgehend entfernen.<\/p>\n\n\n<h3 class=\"wp-block-heading\" id=\"haftung-fuer-links\">Haftung f\u00fcr Links<\/h3>\n\n\n<p>Unsere Website enth\u00e4lt Links zu Websites Dritter, auf deren Inhalt wir keinen Einfluss haben. Deshalb k\u00f6nnen wir f\u00fcr diese fremden Inhalte auch keine Gew\u00e4hr \u00fcbernehmen. F\u00fcr die Inhalte der Websites ist immer der jeweilige Anbieter oder Betreiber der Websites verantwortlich. Die verlinkten Seiten wurden zum Zeitpunkt der Verlinkung auf m\u00f6gliche Rechtsverst\u00f6\u00dfe \u00fcberpr\u00fcft. Rechtswidrige Inhalte waren zum Zeitpunkt der Verlinkung nicht erkennbar. Eine permanente inhaltliche Kontrolle der verlinkten Seiten ist jedoch ohne konkrete Anhaltspunkte einer Rechtsverletzung nicht zumutbar. Bei Bekanntwerden von Rechtsverst\u00f6\u00dfen werden wir solche Links sofort entfernen.<\/p>\n\n\n<h3 class=\"wp-block-heading\" id=\"copyright\">Copyright<\/h3>\n\n\n<p>Die durch die Seitenbetreiber erstellten Inhalte und Werke auf dieser Website unterliegen dem deutschen Urheberrecht. Die Vervielf\u00e4ltigung, Bearbeitung, Verbreitung und jede Art der Verwertung au\u00dferhalb der Grenzen des Urheberrechtes bed\u00fcrfen der vorherigen schriftlichen Zustimmung des jeweiligen Autors bzw. Erstellers. Downloads und Kopien dieser Website sind nur f\u00fcr den privaten, nicht kommerziellen Gebrauch gestattet. Soweit die Inhalte auf dieser Seite nicht vom Betreiber erstellt wurden, werden die Urheberrechte Dritter beachtet. Insbesondere werden Inhalte von Dritten als solche gekennzeichnet. Solltest du dennoch auf eine Urheberrechtsverletzung aufmerksam werden, informiere uns bitte dar\u00fcber. Sobald uns Rechtsverst\u00f6\u00dfe bekannt werden, werden wir diese Inhalte umgehend entfernen.<\/p>\n\n\n<h3 class=\"wp-block-heading\" id=\"datenschutz\">Datenschutz<\/h3>\n\n\n<p>Die Nutzung unserer Website ist grunds\u00e4tzlich ohne Angabe personenbezogener Daten m\u00f6glich. Wenn auf unserer Website personenbezogene Daten (z. B. Name, Adresse oder E-Mail-Adresse) erhoben werden, geschieht dies stets auf freiwilliger Basis, soweit dies m\u00f6glich ist. Diese Daten werden ohne deine ausdr\u00fcckliche Zustimmung nicht an Dritte weitergegeben.<br\/>Wir m\u00f6chten darauf hinweisen, dass die Daten\u00fcbertragung im Internet (z. B. bei der Kommunikation per E-Mail) Sicherheitsl\u00fccken aufweisen kann. Ein vollst\u00e4ndiger Schutz der Daten vor dem Zugriff durch Dritte ist nicht m\u00f6glich.<br\/>Die Nutzung der ver\u00f6ffentlichten Postanschriften, Telefon- oder Faxnummern und E-Mail-Adressen f\u00fcr Marketingzwecke ist untersagt. Die Betreiber dieser Website behalten sich ausdr\u00fccklich rechtliche Schritte im Falle der unverlangten Zusendung von Werbeinformationen, etwa durch Spam-Mails, vor.<\/p>\n\n\n<p>[gzd_complaints]<\/p>\n<\/div>\n<\/div><\/div>\n","protected":false},"excerpt":{"rendered":"","protected":false},"author":1,"featured_media":0,"parent":0,"menu_order":0,"comment_status":"closed","ping_status":"closed","template":"","meta":{"neve_meta_sidebar":"full-width","neve_meta_container":"","neve_meta_enable_content_width":"on","neve_meta_content_width":100,"neve_meta_title_alignment":"","neve_meta_author_avatar":"","neve_post_elements_order":"","neve_meta_disable_header":"","neve_meta_disable_footer":"","neve_meta_disable_title":"","_themeisle_gutenberg_block_has_review":false,"footnotes":""},"class_list":["post-1862","page","type-page","status-publish","hentry"],"_links":{"self":[{"href":"https:\/\/nottodayrow.com\/de\/wp-json\/wp\/v2\/pages\/1862","targetHints":{"allow":["GET"]}}],"collection":[{"href":"https:\/\/nottodayrow.com\/de\/wp-json\/wp\/v2\/pages"}],"about":[{"href":"https:\/\/nottodayrow.com\/de\/wp-json\/wp\/v2\/types\/page"}],"author":[{"embeddable":true,"href":"https:\/\/nottodayrow.com\/de\/wp-json\/wp\/v2\/users\/1"}],"replies":[{"embeddable":true,"href":"https:\/\/nottodayrow.com\/de\/wp-json\/wp\/v2\/comments?post=1862"}],"version-history":[{"count":5,"href":"https:\/\/nottodayrow.com\/de\/wp-json\/wp\/v2\/pages\/1862\/revisions"}],"predecessor-version":[{"id":3352,"href":"https:\/\/nottodayrow.com\/de\/wp-json\/wp\/v2\/pages\/1862\/revisions\/3352"}],"wp:attachment":[{"href":"https:\/\/nottodayrow.com\/de\/wp-json\/wp\/v2\/media?parent=1862"}],"curies":[{"name":"wp","href":"https:\/\/api.w.org\/{rel}","templated":true}]}}