{"id":1861,"date":"2021-09-07T20:06:07","date_gmt":"2021-09-07T18:06:07","guid":{"rendered":"https:\/\/nottodayrow.com\/wohltaetigkeitsorganisationen\/"},"modified":"2022-10-26T13:18:15","modified_gmt":"2022-10-26T11:18:15","slug":"wohltaetigkeitsorganisationen","status":"publish","type":"page","link":"https:\/\/nottodayrow.com\/de\/wohltaetigkeitsorganisationen\/","title":{"rendered":"Hilfswerke"},"content":{"rendered":"\n<div class=\"wp-block-themeisle-blocks-advanced-columns has-1-columns has-desktop-equal-layout has-tablet-equal-layout has-mobile-equal-layout has-default-gap has-vertical-unset ntr-title-bg\" id=\"wp-block-themeisle-blocks-advanced-columns-91ffd637\"><div class=\"wp-block-themeisle-blocks-advanced-columns-overlay\"><\/div><div class=\"innerblocks-wrap\">\n<div class=\"wp-block-themeisle-blocks-advanced-column\" id=\"wp-block-themeisle-blocks-advanced-column-20a28766\"><h1 class=\"wp-block-heading\" id=\"hilfswerke\">Hilfswerke<\/h1><\/div>\n<\/div><\/div>\n\n<div class=\"wp-block-themeisle-blocks-advanced-columns has-1-columns has-desktop-equal-layout has-tablet-equal-layout has-mobile-equal-layout has-default-gap has-vertical-unset\" id=\"wp-block-themeisle-blocks-advanced-columns-066dcf29\"><div class=\"wp-block-themeisle-blocks-advanced-columns-overlay\"><\/div><div class=\"innerblocks-wrap\">\n<div class=\"wp-block-themeisle-blocks-advanced-column\" id=\"wp-block-themeisle-blocks-advanced-column-7ab94746\">\n<p>Sobald wir unsere Kosten f\u00fcr das Rennen mit Hilfe von Sponsoren gedeckt haben, starten wir eine \u00f6ffentliche Spendenaktion. Der gesamte Erl\u00f6s der Spendenaktion, der Verkauf unseres Bootes nach dem Rennen und weitere Sponsorengelder kommen unseren ausgew\u00e4hlten Wohlt\u00e4tigkeitsorganisationen zugute. Unser Ziel ist es, 200.000 EUR f\u00fcr wohlt\u00e4tige Zwecke zu sammeln.<\/p>\n\n\n\n<div style=\"height:20px\" aria-hidden=\"true\" class=\"wp-block-spacer\"><\/div>\n\n\n<h5 class=\"wp-block-heading\" id=\"mit-200000-eur-die-wir-zwischen-unseren-beiden-wohltaetigkeitsorganisationen-aufteilen-koennen-wir-projekte-wie-diese-finanzieren\">Mit 200.000 EUR, die wir zwischen unseren beiden Wohlt\u00e4tigkeitsorganisationen aufteilen, k\u00f6nnen wir Projekte wie diese finanzieren:<\/h5>\n\n\n<p>&#8211; Renovierung von drei Schulen, Kinderg\u00e4rten oder Bibliotheken im l\u00e4ndlichen Bali.<\/p>\n\n\n\n<p>&#8211; \u00dcbernahme einer Patenschaft f\u00fcr f\u00fcnf Schulkinder aus armen Verh\u00e4ltnissen in Bali bis zum Schulabschluss.<\/p>\n\n\n\n<p>&#8211; Ausstattung von 30 Schulkindern mit einem Rucksack voller Schulsachen f\u00fcr ein Jahr.<\/p>\n\n\n\n<p>&#8211; Finanzierung von drei Recycling-Swopshops in Sansibar f\u00fcr ein Jahr.<\/p>\n\n\n\n<p>&#8211; Finanzierung von drei regionalen Ozeankind-Basen f\u00fcr ein Jahr.<\/p>\n<\/div>\n<\/div><\/div>\n\n<div class=\"wp-block-themeisle-blocks-advanced-columns has-2-columns has-desktop-equal-layout has-tablet-equal-layout has-mobile-collapsedRows-layout has-nogap-gap has-vertical-center ntr-section-img-text\" id=\"charity-bali-childrens-project\"><div class=\"wp-block-themeisle-blocks-advanced-columns-overlay\"><\/div><div class=\"innerblocks-wrap\">\n<div class=\"wp-block-themeisle-blocks-advanced-column ntr-headline-bg\" id=\"wp-block-themeisle-blocks-advanced-column-37e8cc2c\"><h2 class=\"wp-block-heading\" id=\"bali-childrens-project\">Bali Children&#8217;s Project<\/h2><\/div>\n\n\n\n<div class=\"wp-block-themeisle-blocks-advanced-column\" id=\"wp-block-themeisle-blocks-advanced-column-a68a3a49\">\n<figure class=\"wp-block-image size-medium\"><img decoding=\"async\" width=\"300\" height=\"142\" src=\"https:\/\/nottodayrow.com\/wp-content\/uploads\/2021\/10\/LOGO_PNG-removebg-preview-300x142.png\" alt=\"\" class=\"wp-image-570\" srcset=\"https:\/\/nottodayrow.com\/wp-content\/uploads\/2021\/10\/LOGO_PNG-removebg-preview-300x142.png 300w, https:\/\/nottodayrow.com\/wp-content\/uploads\/2021\/10\/LOGO_PNG-removebg-preview-600x285.png 600w, https:\/\/nottodayrow.com\/wp-content\/uploads\/2021\/10\/LOGO_PNG-removebg-preview.png 725w\" sizes=\"(max-width: 300px) 100vw, 300px\" \/><\/figure>\n\n\n\n<p class=\"has-nv-text-dark-bg-color has-text-color\">Bali ist bekannt f\u00fcr seine fantastischen Surfspots in Uluwatu, die endlosen Str\u00e4nde in Canggu und Seminyak und die wundersch\u00f6ne Natur in Ubud. Aber es gibt noch eine andere Seite von Bali. Armut ist weit verbreitet, besonders in abgelegenen Gemeinden, die f\u00fcr Touristen unerreichbar sind. Viele Menschen leben in heruntergekommenen H\u00e4usern und m\u00fcssen f\u00fcr einen geringen Lohn den ganzen Tag auf den Reisfeldern arbeiten.<\/p>\n\n\n\n<p class=\"has-nv-text-dark-bg-color has-text-color\">Das Bali Children&#8217;s Project ist eine eingetragene gemeinn\u00fctzige Organisation mit Sitz in Bali, Indonesien. Ihre Aufgabe ist es, Kindern aus armen Verh\u00e4ltnissen Bildung zu erm\u00f6glichen. Sie bieten Patenschaften f\u00fcr Schulkinder, Workshops zur Sexualerziehung und die Renovierung von Schulen und Bibliotheken im l\u00e4ndlichen Bali, die in schlechtem Zustand sind. Ihr unglaubliches Team hat es immer wieder geschafft, dass Kinder eine bessere Zukunft f\u00fcr sich aufbauen k\u00f6nnen. <\/p>\n\n\n\n<p class=\"has-nv-text-dark-bg-color has-text-color\">Mit deiner Hilfe k\u00f6nnen wir die erste NOT TODAY SCHOOL in Bali er\u00f6ffnen.<\/p>\n\n\n\n<figure class=\"wp-block-embed is-type-video is-provider-youtube wp-block-embed-youtube ticss-9445255e wp-embed-aspect-16-9 wp-has-aspect-ratio\"><div class=\"wp-block-embed__wrapper\">\n<div class=\"nv-iframe-embed\"><iframe hcb-fetch-image-from=\"https:\/\/youtu.be\/pJzgSkUcq5s\" title=\"We Are Rowing Across The Atlantic Ocean For Charity.\" width=\"1200\" height=\"675\" src=\"https:\/\/www.youtube.com\/embed\/pJzgSkUcq5s?feature=oembed&#038;enablejsapi=1&#038;origin=https:\/\/nottodayrow.com\" frameborder=\"0\" allow=\"accelerometer; autoplay; clipboard-write; encrypted-media; gyroscope; picture-in-picture\" allowfullscreen><\/iframe><\/div>\n<\/div><\/figure>\n\n\n\n<div class=\"wp-block-buttons is-layout-flex wp-block-buttons-is-layout-flex\">\n<div class=\"wp-block-button is-style-primary\"><a class=\"wp-block-button__link\" href=\"https:\/\/balichildrensproject.org\/\" target=\"_blank\" rel=\"noopener\">Homepage<\/a><\/div>\n\n\n\n<div class=\"wp-block-button is-style-primary\"><a class=\"wp-block-button__link\" href=\"https:\/\/www.instagram.com\/balichildrensproject\/\" target=\"_blank\" rel=\"noopener\">Instagram<\/a><\/div>\n<\/div>\n<\/div>\n<\/div><\/div>\n\n<div class=\"wp-block-themeisle-blocks-advanced-columns has-2-columns has-desktop-equal-layout has-tablet-equal-layout has-mobile-collapsedRows-layout has-nogap-gap has-vertical-center ntr-section-img-text ntr-section-img-text--inverse\" id=\"charity-ozeankind\"><div class=\"wp-block-themeisle-blocks-advanced-columns-overlay\"><\/div><div class=\"innerblocks-wrap\">\n<div class=\"wp-block-themeisle-blocks-advanced-column ntr-headline-bg\" id=\"wp-block-themeisle-blocks-advanced-column-547b2900\"><h2 class=\"wp-block-heading\" id=\"ozeankind-ev\">Ozeankind e.V.<\/h2><\/div>\n\n\n\n<div class=\"wp-block-themeisle-blocks-advanced-column\" id=\"wp-block-themeisle-blocks-advanced-column-e9e9d4dc\">\n<figure class=\"wp-block-image size-medium is-resized\"><img decoding=\"async\" src=\"https:\/\/nottodayrow.com\/wp-content\/uploads\/2021\/11\/ozeankind-logo-weiss-300x212.png\" alt=\"\" class=\"wp-image-598\" width=\"225\" height=\"159\" srcset=\"https:\/\/nottodayrow.com\/wp-content\/uploads\/2021\/11\/ozeankind-logo-weiss-300x212.png 300w, https:\/\/nottodayrow.com\/wp-content\/uploads\/2021\/11\/ozeankind-logo-weiss-600x424.png 600w, https:\/\/nottodayrow.com\/wp-content\/uploads\/2021\/11\/ozeankind-logo-weiss-768x543.png 768w, https:\/\/nottodayrow.com\/wp-content\/uploads\/2021\/11\/ozeankind-logo-weiss.png 842w\" sizes=\"(max-width: 225px) 100vw, 225px\" \/><\/figure>\n\n\n\n<p class=\"has-nv-text-dark-bg-color has-text-color\">Mit Hilfe von Recycling- und Bildungsprojekten f\u00fcr Kinder setzt sich Ozeankind auf nationaler und internationaler Ebene f\u00fcr ein gr\u00f6\u00dferes Bewusstsein f\u00fcr die Verwendung von Einwegplastik ein. Ihre Vision ist es, dass unsere Kinder denselben sch\u00f6nen blauen Planeten genie\u00dfen k\u00f6nnen, den wir so sehr lieben. <\/p>\n\n\n\n<p class=\"has-nv-text-dark-bg-color has-text-color\">Neben anderen Projekten betreibt Ozeankind Recycling-Swopshops in Sansibar, in denen Kinder durch das Sammeln von Plastikm\u00fcll Punkte sammeln k\u00f6nnen, die sie sp\u00e4ter gegen Schulmaterial oder andere Geschenke eintauschen k\u00f6nnen. Es gibt auch mehrere Ozeankind-St\u00fctzpunkte in Deutschland, wo lokale Aufr\u00e4umaktionen und Workshops organisiert werden.<\/p>\n\n\n\n<figure class=\"wp-block-embed is-type-video is-provider-youtube wp-block-embed-youtube ticss-d53bb12c wp-embed-aspect-16-9 wp-has-aspect-ratio\"><div class=\"wp-block-embed__wrapper\">\n<div class=\"nv-iframe-embed\"><iframe hcb-fetch-image-from=\"https:\/\/www.youtube.com\/watch?v=Vqiy-Ob9Vrg\" title=\"Die Geschichte hinter Ozeankind e.V. |\u00a0Dein Verein gegen Plastikm\u00fcll\" width=\"1200\" height=\"675\" src=\"https:\/\/www.youtube.com\/embed\/Vqiy-Ob9Vrg?feature=oembed&#038;enablejsapi=1&#038;origin=https:\/\/nottodayrow.com\" frameborder=\"0\" allow=\"accelerometer; autoplay; clipboard-write; encrypted-media; gyroscope; picture-in-picture\" allowfullscreen><\/iframe><\/div>\n<\/div><\/figure>\n\n\n\n<div class=\"wp-block-buttons is-layout-flex wp-block-buttons-is-layout-flex\">\n<div class=\"wp-block-button is-style-primary\"><a class=\"wp-block-button__link\" href=\"https:\/\/ozeankind.de\/?lang=en\" target=\"_blank\" rel=\"noreferrer noopener\">Homepage<\/a><\/div>\n\n\n\n<div class=\"wp-block-button is-style-primary\"><a class=\"wp-block-button__link\" href=\"https:\/\/www.instagram.com\/ozeankind_ev\/\" target=\"_blank\" rel=\"noreferrer noopener\">Instagram<\/a><\/div>\n<\/div>\n<\/div>\n<\/div><\/div>\n","protected":false},"excerpt":{"rendered":"","protected":false},"author":1,"featured_media":1719,"parent":0,"menu_order":0,"comment_status":"closed","ping_status":"closed","template":"page-templates\/template-pagebuilder-full-width.php","meta":{"neve_meta_sidebar":"full-width","neve_meta_container":"","neve_meta_enable_content_width":"on","neve_meta_content_width":100,"neve_meta_title_alignment":"","neve_meta_author_avatar":"","neve_post_elements_order":"","neve_meta_disable_header":"","neve_meta_disable_footer":"","neve_meta_disable_title":"","_themeisle_gutenberg_block_has_review":false,"footnotes":""},"class_list":["post-1861","page","type-page","status-publish","has-post-thumbnail","hentry"],"_links":{"self":[{"href":"https:\/\/nottodayrow.com\/de\/wp-json\/wp\/v2\/pages\/1861","targetHints":{"allow":["GET"]}}],"collection":[{"href":"https:\/\/nottodayrow.com\/de\/wp-json\/wp\/v2\/pages"}],"about":[{"href":"https:\/\/nottodayrow.com\/de\/wp-json\/wp\/v2\/types\/page"}],"author":[{"embeddable":true,"href":"https:\/\/nottodayrow.com\/de\/wp-json\/wp\/v2\/users\/1"}],"replies":[{"embeddable":true,"href":"https:\/\/nottodayrow.com\/de\/wp-json\/wp\/v2\/comments?post=1861"}],"version-history":[{"count":4,"href":"https:\/\/nottodayrow.com\/de\/wp-json\/wp\/v2\/pages\/1861\/revisions"}],"predecessor-version":[{"id":1980,"href":"https:\/\/nottodayrow.com\/de\/wp-json\/wp\/v2\/pages\/1861\/revisions\/1980"}],"wp:featuredmedia":[{"embeddable":true,"href":"https:\/\/nottodayrow.com\/de\/wp-json\/wp\/v2\/media\/1719"}],"wp:attachment":[{"href":"https:\/\/nottodayrow.com\/de\/wp-json\/wp\/v2\/media?parent=1861"}],"curies":[{"name":"wp","href":"https:\/\/api.w.org\/{rel}","templated":true}]}}